{"id":9,"date":"2014-07-14T09:06:16","date_gmt":"2014-07-14T09:06:16","guid":{"rendered":"http:\/\/www.brandeye.se?page_id=9"},"modified":"2023-03-27T07:38:18","modified_gmt":"2023-03-27T06:38:18","slug":"resultatet","status":"publish","type":"page","link":"https:\/\/www.brandeye.se\/?page_id=9","title":{"rendered":"VAR VI JOBBAR"},"content":{"rendered":"<div id=\"pl-9\"  class=\"panel-layout\" ><div id=\"pg-9-0\"  class=\"panel-grid panel-no-style\" ><div id=\"pgc-9-0-0\"  class=\"panel-grid-cell\" ><div id=\"panel-9-0-0-0\" class=\"so-panel widget widget_black-studio-tinymce widget_black_studio_tinymce panel-first-child panel-last-child\" data-index=\"0\" ><div class=\"textwidget\"><p>De flesta av v\u00e5ra kunder har genom \u00e5ren framf\u00f6rallt efterfr\u00e5gat unders\u00f6kningar p\u00e5 den svenska marknaden, men med tiden har det blivit alltmer intressant att f\u00e5 unders\u00f6kningar gjorda i st\u00f6rre delen av Norden. D\u00e4rf\u00f6r kan vi idag utf\u00f6ra samtliga av v\u00e5ra unders\u00f6kningar \u00e4ven i Finland, Danmark och Norge.<\/p>\n<p>Vi g\u00f6r marknadsunders\u00f6kningar huvudsakligen i Sverige, Norge, Danmark och Finland.<\/p>\n<p><em>Vill du veta mer om v\u00e5ra unders\u00f6kningar i \u00f6vriga Norden?<br \/>\nRing oss p\u00e5 070-7401060 eller fyll i formul\u00e4ret under \"Kontakt\".<\/em><\/p>\n<\/div><\/div><\/div><\/div><\/div>","protected":false},"excerpt":{"rendered":"<p>De flesta av v\u00e5ra kunder har genom \u00e5ren framf\u00f6rallt efterfr\u00e5gat unders\u00f6kningar p\u00e5 den svenska marknaden, men med tiden har det blivit alltmer intressant att f\u00e5 unders\u00f6kningar gjorda i st\u00f6rre delen av Norden. D\u00e4rf\u00f6r kan vi idag utf\u00f6ra samtliga av v\u00e5ra unders\u00f6kningar \u00e4ven i Finland, Danmark och Norge. Vi g\u00f6r marknadsunders\u00f6kningar huvudsakligen i Sverige, Norge, Danmark [&hellip;]<\/p>\n","protected":false},"author":1,"featured_media":0,"parent":0,"menu_order":4,"comment_status":"closed","ping_status":"closed","template":"","meta":[],"_links":{"self":[{"href":"https:\/\/www.brandeye.se\/index.php?rest_route=\/wp\/v2\/pages\/9"}],"collection":[{"href":"https:\/\/www.brandeye.se\/index.php?rest_route=\/wp\/v2\/pages"}],"about":[{"href":"https:\/\/www.brandeye.se\/index.php?rest_route=\/wp\/v2\/types\/page"}],"author":[{"embeddable":true,"href":"https:\/\/www.brandeye.se\/index.php?rest_route=\/wp\/v2\/users\/1"}],"replies":[{"embeddable":true,"href":"https:\/\/www.brandeye.se\/index.php?rest_route=%2Fwp%2Fv2%2Fcomments&post=9"}],"version-history":[{"count":25,"href":"https:\/\/www.brandeye.se\/index.php?rest_route=\/wp\/v2\/pages\/9\/revisions"}],"predecessor-version":[{"id":454,"href":"https:\/\/www.brandeye.se\/index.php?rest_route=\/wp\/v2\/pages\/9\/revisions\/454"}],"wp:attachment":[{"href":"https:\/\/www.brandeye.se\/index.php?rest_route=%2Fwp%2Fv2%2Fmedia&parent=9"}],"curies":[{"name":"wp","href":"https:\/\/api.w.org\/{rel}","templated":true}]}}