{"id":83,"date":"2015-01-11T19:36:51","date_gmt":"2015-01-11T19:36:51","guid":{"rendered":"http:\/\/www.brandeye.se?page_id=83"},"modified":"2023-03-27T07:34:59","modified_gmt":"2023-03-27T06:34:59","slug":"kontakt","status":"publish","type":"page","link":"https:\/\/www.brandeye.se\/?page_id=83","title":{"rendered":"KONTAKT"},"content":{"rendered":"<div id=\"pl-83\"  class=\"panel-layout\" ><div id=\"pg-83-0\"  class=\"panel-grid panel-no-style\" ><div id=\"pgc-83-0-0\"  class=\"panel-grid-cell\" ><div id=\"panel-83-0-0-0\" class=\"so-panel widget widget_black-studio-tinymce widget_black_studio_tinymce panel-first-child panel-last-child\" data-index=\"0\" ><div class=\"textwidget\"><p>F\u00f6r mer information om v\u00e5ra unders\u00f6kningar, kontakta:<\/p>\n<p><strong>Per Sahlqvist -\u00a0<\/strong>per.sahlqvist(a)brandeye.se<\/p>\n<p>eller ring p\u00e5 070-740 10 60.<\/p>\n<p>Anv\u00e4nd g\u00e4rna formul\u00e4ret nedan f\u00f6r generella f\u00f6rfr\u00e5gningar. Skicka ingen k\u00e4nslig information via formul\u00e4ret. Anv\u00e4nd ist\u00e4llet epost f\u00f6r detta. <em>OBS! Br\u00e5dskande \u00e4rende? Ring oss ist\u00e4llet: 070-740 10 60.<\/em><\/p>\n<p>\n\n<!-- Fast Secure Contact Form plugin 4.0.52 - begin - FastSecureContactForm.com -->\r\n<div style=\"clear:both;\"><\/div>\n<p>Fyll i formul\u00e4ret nedan om du har en generell fr\u00e5ga om priser etc. Vi \u00e5terkommer till dig s\u00e5 fort vi har tagit del av informationen och har m\u00f6jlighet.<\/p>\r\n<div id=\"FSContact1\" style=\"width:99%; max-width:555px;\">\r\n<form action=\"https:\/\/www.brandeye.se\/index.php?rest_route=%2Fwp%2Fv2%2Fpages%2F83#FSContact1\" id=\"fscf_form1\" onsubmit=\"_gaq.push(['_trackEvent', 'Contact', 'SubmitForm', 'Contacts']);\" method=\"post\">\r\n<fieldset id=\"fscf_form_fieldset1\" style=\"border:1px solid black; width:99%; max-width:550px; padding:10px;\">\n<legend>Kontaktformul\u00e4r<\/legend>\n\n<div id=\"fscf_div_clear1_0\" style=\"clear:both;\">\n  <div id=\"fscf_div_field1_0\" style=\"clear:left; float:left; width:99%; max-width:550px; margin-right:10px;\">\n    <div  id=\"fscf_label1_0\" style=\"text-align:left; padding-top:5px;\">\n    <\/div>\r\n    <div style=\"text-align:left; padding-top:5px;\">\n    <\/div>\r\n    <div style=\"text-align:left;\">\r\n      <input style=\"text-align:left; margin:0; width:99%; max-width:250px;\" type=\"text\" id=\"fscf_name1\" name=\"full_name\" value=\"Namn\"  \/>\r\n    <\/div>\r\n  <\/div>\n<\/div>\n\n<div id=\"fscf_div_clear1_1\" style=\"clear:both;\">\n  <div id=\"fscf_div_field1_1\" style=\"clear:left; float:left; width:99%; max-width:550px; margin-right:10px;\">\n    <div  id=\"fscf_label1_1\" style=\"text-align:left; padding-top:5px;\">\n    <\/div>\n    <div style=\"text-align:left; padding-top:5px;\">\n    <\/div>\n    <div style=\"text-align:left;\">\n      <input style=\"text-align:left; margin:0; width:99%; max-width:250px;\" type=\"text\" id=\"fscf_email1\" name=\"email\" value=\"E-post\"  \/>\n    <\/div>\n  <\/div>\n<\/div>\n\n<div id=\"fscf_div_clear1_2\" style=\"clear:both;\">\n  <div id=\"fscf_div_field1_2\" style=\"clear:left; float:left; width:99%; max-width:550px; margin-right:10px;\">\n    <div  id=\"fscf_label1_2\" style=\"text-align:left; padding-top:5px;\">\n    <\/div>\n    <div style=\"text-align:left; padding-top:5px;\">\n    <\/div>\n    <div style=\"text-align:left;\">\n      <input style=\"text-align:left; margin:0; width:99%; max-width:250px;\" type=\"text\" id=\"fscf_field1_2\" name=\"subject\" value=\"\u00c4mne\"  \/>\n    <\/div>\n  <\/div>\n<\/div>\n\n<div id=\"fscf_div_clear1_3\" style=\"clear:both;\">\n  <div id=\"fscf_div_field1_3\" style=\"clear:left; float:left; width:99%; max-width:550px; margin-right:10px;\">\n    <div  id=\"fscf_label1_3\" style=\"text-align:left; padding-top:5px;\">\n    <\/div>\n    <div style=\"text-align:left; padding-top:5px;\">\n    <\/div>\n    <div style=\"text-align:left;\">\n      <textarea style=\"text-align:left; margin:0; width:99%; max-width:250px; height:120px;\" id=\"fscf_field1_3\" name=\"message\" cols=\"30\" rows=\"10\" >Meddelande<\/textarea>\n    <\/div>\n  <\/div>\n<\/div>\r\n<div style=\"clear:both;\"><\/div>\n\n<div style=\"text-align:left; padding-top:5px;\">\n<\/div>\n<div id=\"fscf_captcha_image_div1\" style=\"width:250px; height:65px; padding-top:2px;\">\n      <img id=\"fscf_captcha_image1\" style=\"border-style:none; margin:0; padding:0px; padding-right:5px; float:left;\" src=\"https:\/\/www.brandeye.se\/wp-content\/plugins\/si-contact-form\/captcha\/securimage_show.php?prefix=Kei5xDMlS13xAoll\" width=\"175\" height=\"60\" alt=\"CAPTCHA\" title=\"CAPTCHA\" \/>\n      <input id=\"fscf_captcha_prefix1\" type=\"hidden\" name=\"fscf_captcha_prefix1\" value=\"Kei5xDMlS13xAoll\" \/>\n     <div id=\"fscf_captcha_refresh1\">\n        <a href=\"#\" rel=\"nofollow\" title=\"Ladda om bild\" onclick=\"fscf_captcha_refresh('1','\/wp-content\/plugins\/si-contact-form\/captcha','https:\/\/www.brandeye.se\/wp-content\/plugins\/si-contact-form\/captcha\/securimage_show.php?prefix='); return false;\">\n        <img src=\"https:\/\/www.brandeye.se\/wp-content\/plugins\/si-contact-form\/captcha\/images\/refresh.png\" width=\"22\" height=\"20\" alt=\"Ladda om bild\" style=\"border-style:none; margin:0; padding:0px; vertical-align:bottom;\" onclick=\"this.blur();\" \/><\/a>\r\n     <\/div>\r\n<\/div>\r\n\r\n<div id=\"fscf_captcha_field1\" style=\"text-align:left; padding-top:5px;\">\r\n     <label style=\"text-align:left;\" for=\"fscf_captcha_code1\">CAPTCHA-kod:<span style=\"text-align:left;\">*<\/span><\/label>\r\n<\/div>\r\n<div style=\"text-align:left;\">\n     <input style=\"text-align:left; margin:0; width:50px;\" type=\"text\" value=\"\" autocomplete=\"off\" id=\"fscf_captcha_code1\" name=\"captcha_code\"  \/>\n<\/div>\n\n<div id=\"fscf_submit_div1\" style=\"text-align:left; clear:both; padding-top:15px;\">\r\n\t\t<input type=\"submit\" id=\"fscf_submit1\" style=\"cursor:pointer; margin:0;\" value=\"Skicka\" onSubmit=\"pageTracker._trackEvent('Contact Form','Submit');\"  onclick=\"this.disabled=true; this.value='Skickar ...'; this.form.submit();\" \/> \n<\/div>\n<\/fieldset>\n\n<input type=\"hidden\" name=\"fscf_submitted\" value=\"0\" \/>\n<input type=\"hidden\" name=\"fs_postonce_1\" value=\"8f31225df139b37f5836b3998140575b,1777599489\" \/>\n<input type=\"hidden\" name=\"si_contact_action\" value=\"send\" \/>\n<input type=\"hidden\" name=\"form_id\" value=\"1\" \/>\n<input type=\"hidden\" name=\"mailto_id\" value=\"1\" \/>\n\n<\/form>\n<\/div>\r\n<div style=\"clear:both;\"><\/div>\n\n<!-- Fast Secure Contact Form plugin 4.0.52 - end - FastSecureContactForm.com -->\n<\/p>\n<\/div><\/div><\/div><\/div><\/div>","protected":false},"excerpt":{"rendered":"<p>F\u00f6r mer information om v\u00e5ra unders\u00f6kningar, kontakta: Per Sahlqvist &#8211;\u00a0per.sahlqvist(a)brandeye.se eller ring p\u00e5 070-740 10 60. Anv\u00e4nd g\u00e4rna formul\u00e4ret nedan f\u00f6r generella f\u00f6rfr\u00e5gningar. Skicka ingen k\u00e4nslig information via formul\u00e4ret. Anv\u00e4nd ist\u00e4llet epost f\u00f6r detta. OBS! Br\u00e5dskande \u00e4rende? Ring oss ist\u00e4llet: 070-740 10 60.<\/p>\n","protected":false},"author":1,"featured_media":0,"parent":0,"menu_order":5,"comment_status":"closed","ping_status":"closed","template":"","meta":[],"_links":{"self":[{"href":"https:\/\/www.brandeye.se\/index.php?rest_route=\/wp\/v2\/pages\/83"}],"collection":[{"href":"https:\/\/www.brandeye.se\/index.php?rest_route=\/wp\/v2\/pages"}],"about":[{"href":"https:\/\/www.brandeye.se\/index.php?rest_route=\/wp\/v2\/types\/page"}],"author":[{"embeddable":true,"href":"https:\/\/www.brandeye.se\/index.php?rest_route=\/wp\/v2\/users\/1"}],"replies":[{"embeddable":true,"href":"https:\/\/www.brandeye.se\/index.php?rest_route=%2Fwp%2Fv2%2Fcomments&post=83"}],"version-history":[{"count":16,"href":"https:\/\/www.brandeye.se\/index.php?rest_route=\/wp\/v2\/pages\/83\/revisions"}],"predecessor-version":[{"id":452,"href":"https:\/\/www.brandeye.se\/index.php?rest_route=\/wp\/v2\/pages\/83\/revisions\/452"}],"wp:attachment":[{"href":"https:\/\/www.brandeye.se\/index.php?rest_route=%2Fwp%2Fv2%2Fmedia&parent=83"}],"curies":[{"name":"wp","href":"https:\/\/api.w.org\/{rel}","templated":true}]}}