{"id":61,"date":"2014-11-24T21:30:49","date_gmt":"2014-11-24T21:30:49","guid":{"rendered":"http:\/\/www.brandeye.se?page_id=61"},"modified":"2020-02-14T13:15:37","modified_gmt":"2020-02-14T12:15:37","slug":"om-oss","status":"publish","type":"page","link":"https:\/\/www.brandeye.se\/?page_id=61","title":{"rendered":"OM BRAND EYE"},"content":{"rendered":"<div id=\"pl-61\"  class=\"panel-layout\" ><div id=\"pg-61-0\"  class=\"panel-grid panel-no-style\" ><div id=\"pgc-61-0-0\"  class=\"panel-grid-cell\" ><div id=\"panel-61-0-0-0\" class=\"so-panel widget widget_black-studio-tinymce widget_black_studio_tinymce panel-first-child panel-last-child\" data-index=\"0\" ><div class=\"textwidget\"><p>Alltsedan starten 1990 har Brand Eye sysslat med marknadsunders\u00f6kningar av juridisk karakt\u00e4r. Vi har en gedigen kunskap och erfarenhet kring de speciella omst\u00e4ndigheter en unders\u00f6kning av ett varum\u00e4rke kr\u00e4ver.<\/p>\n<p>Den juridiska marknadsunders\u00f6kningen syftar till att kunna anv\u00e4ndas som bevisning i en tvist eller ett \u00e4rende och vi f\u00f6ljer l\u00f6pande utvecklingen i de allm\u00e4nna och administrativa domstolarna samt Marknadsdomstolen, vad g\u00e4ller kraven p\u00e5 marknadsunders\u00f6kningar som bevisning.<\/p>\n<\/div><\/div><\/div><\/div><div id=\"pg-61-1\"  class=\"panel-grid panel-no-style\" ><div id=\"pgc-61-1-0\"  class=\"panel-grid-cell panel-grid-cell-empty panel-grid-cell-mobile-last\" ><\/div><div id=\"pgc-61-1-1\"  class=\"panel-grid-cell panel-grid-cell-empty\" ><\/div><\/div><\/div>","protected":false},"excerpt":{"rendered":"<p>Alltsedan starten 1990 har Brand Eye sysslat med marknadsunders\u00f6kningar av juridisk karakt\u00e4r. Vi har en gedigen kunskap och erfarenhet kring de speciella omst\u00e4ndigheter en unders\u00f6kning av ett varum\u00e4rke kr\u00e4ver. Den juridiska marknadsunders\u00f6kningen syftar till att kunna anv\u00e4ndas som bevisning i en tvist eller ett \u00e4rende och vi f\u00f6ljer l\u00f6pande utvecklingen i de allm\u00e4nna och administrativa [&hellip;]<\/p>\n","protected":false},"author":1,"featured_media":0,"parent":0,"menu_order":1,"comment_status":"closed","ping_status":"closed","template":"page-portfolio.php","meta":[],"_links":{"self":[{"href":"https:\/\/www.brandeye.se\/index.php?rest_route=\/wp\/v2\/pages\/61"}],"collection":[{"href":"https:\/\/www.brandeye.se\/index.php?rest_route=\/wp\/v2\/pages"}],"about":[{"href":"https:\/\/www.brandeye.se\/index.php?rest_route=\/wp\/v2\/types\/page"}],"author":[{"embeddable":true,"href":"https:\/\/www.brandeye.se\/index.php?rest_route=\/wp\/v2\/users\/1"}],"replies":[{"embeddable":true,"href":"https:\/\/www.brandeye.se\/index.php?rest_route=%2Fwp%2Fv2%2Fcomments&post=61"}],"version-history":[{"count":20,"href":"https:\/\/www.brandeye.se\/index.php?rest_route=\/wp\/v2\/pages\/61\/revisions"}],"predecessor-version":[{"id":433,"href":"https:\/\/www.brandeye.se\/index.php?rest_route=\/wp\/v2\/pages\/61\/revisions\/433"}],"wp:attachment":[{"href":"https:\/\/www.brandeye.se\/index.php?rest_route=%2Fwp%2Fv2%2Fmedia&parent=61"}],"curies":[{"name":"wp","href":"https:\/\/api.w.org\/{rel}","templated":true}]}}