{"id":121,"date":"2015-01-26T15:14:49","date_gmt":"2015-01-26T15:14:49","guid":{"rendered":"http:\/\/www.brandeye.se?page_id=121"},"modified":"2022-07-08T13:39:43","modified_gmt":"2022-07-08T12:39:43","slug":"forvaxling-2","status":"publish","type":"page","link":"https:\/\/www.brandeye.se\/?page_id=121","title":{"rendered":"F\u00d6RV\u00c4XLING \/ SNYLTNING"},"content":{"rendered":"<div id=\"pl-121\"  class=\"panel-layout\" ><div id=\"pg-121-0\"  class=\"panel-grid panel-no-style\" ><div id=\"pgc-121-0-0\"  class=\"panel-grid-cell\" ><div id=\"panel-121-0-0-0\" class=\"so-panel widget widget_black-studio-tinymce widget_black_studio_tinymce panel-first-child panel-last-child\" data-index=\"0\" ><div class=\"textwidget\"><p>Vid intr\u00e5ngstvister, inv\u00e4ndningar mot registreringar samt vid marknadsr\u00e4ttsliga vilseledanden\/renomm\u00e9snyltning, kan det bli fr\u00e5gan om att p\u00e5visa f\u00f6rv\u00e4xlingsrisk mellan varum\u00e4rkena.\u00a0<span class=\"s1\">En viktig del i s\u00e5dan bevisning \u00e4r hur oms\u00e4ttningskretsen uppfattar varum\u00e4rkena, <\/span><span class=\"s2\">sk direkt bevisning.<\/span>\u00a0<\/p>\n<p class=\"p1\"><span class=\"s1\">Vid tvister om snyltning (dra otillb\u00f6rlig f\u00f6rdel) enligt varum\u00e4rkeslagen samt marknadsr\u00e4ttslig renomm\u00e9snyltning, r\u00e4cker en vagare koppling \u00e4n vid f\u00f6rv\u00e4xlingsrisk. \u00c4ven i dessa fall kan en f\u00f6rv\u00e4xlingsunders\u00f6kning vara till hj\u00e4lp.<\/span><\/p>\n<\/div><\/div><\/div><\/div><\/div>","protected":false},"excerpt":{"rendered":"<p>Vid intr\u00e5ngstvister, inv\u00e4ndningar mot registreringar samt vid marknadsr\u00e4ttsliga vilseledanden\/renomm\u00e9snyltning, kan det bli fr\u00e5gan om att p\u00e5visa f\u00f6rv\u00e4xlingsrisk mellan varum\u00e4rkena.\u00a0En viktig del i s\u00e5dan bevisning \u00e4r hur oms\u00e4ttningskretsen uppfattar varum\u00e4rkena, sk direkt bevisning.\u00a0Vid tvister om snyltning (dra otillb\u00f6rlig f\u00f6rdel) enligt varum\u00e4rkeslagen samt marknadsr\u00e4ttslig renomm\u00e9snyltning, r\u00e4cker en vagare koppling \u00e4n vid f\u00f6rv\u00e4xlingsrisk. \u00c4ven i dessa fall kan [&hellip;]<\/p>\n","protected":false},"author":1,"featured_media":0,"parent":0,"menu_order":0,"comment_status":"closed","ping_status":"closed","template":"page-portfolio.php","meta":[],"_links":{"self":[{"href":"https:\/\/www.brandeye.se\/index.php?rest_route=\/wp\/v2\/pages\/121"}],"collection":[{"href":"https:\/\/www.brandeye.se\/index.php?rest_route=\/wp\/v2\/pages"}],"about":[{"href":"https:\/\/www.brandeye.se\/index.php?rest_route=\/wp\/v2\/types\/page"}],"author":[{"embeddable":true,"href":"https:\/\/www.brandeye.se\/index.php?rest_route=\/wp\/v2\/users\/1"}],"replies":[{"embeddable":true,"href":"https:\/\/www.brandeye.se\/index.php?rest_route=%2Fwp%2Fv2%2Fcomments&post=121"}],"version-history":[{"count":20,"href":"https:\/\/www.brandeye.se\/index.php?rest_route=\/wp\/v2\/pages\/121\/revisions"}],"predecessor-version":[{"id":440,"href":"https:\/\/www.brandeye.se\/index.php?rest_route=\/wp\/v2\/pages\/121\/revisions\/440"}],"wp:attachment":[{"href":"https:\/\/www.brandeye.se\/index.php?rest_route=%2Fwp%2Fv2%2Fmedia&parent=121"}],"curies":[{"name":"wp","href":"https:\/\/api.w.org\/{rel}","templated":true}]}}